{"id":1812,"date":"2024-02-21T16:23:33","date_gmt":"2024-02-21T16:23:33","guid":{"rendered":"https:\/\/diocese-aveiro.pt\/v3\/?page_id=1812"},"modified":"2024-02-21T16:23:33","modified_gmt":"2024-02-21T16:23:33","slug":"arciprestado-de-albergaria-a-velha","status":"publish","type":"page","link":"http:\/\/diocese-aveiro.pt\/v3\/paroquias\/arciprestado-de-albergaria-a-velha\/","title":{"rendered":"ARCIPRESTADO DE ALBERGARIA-A-VELHA"},"content":{"rendered":"\n<p class=\"has-text-align-center has-white-color has-text-color has-background has-link-color wp-elements-d4b63f9139f4038a017e99478f0f9ce5\" style=\"background-color:#2e6c9e\"><strong>ARCIPRESTADO DE ALBERGARIA-A-VELHA<\/strong><\/p>\n\n\n\n<figure class=\"wp-block-table\"><table><tbody><tr><td><a href=\"https:\/\/www.anuariocatolicoportugal.net\/dioceses\/ficha_paroquia_padre.asp?paroquiaid=2582&amp;dioceseid=3\">Albergaria-a-Velha<\/a><\/td><td>Santa Cruz<\/td><\/tr><tr><td><a href=\"https:\/\/www.anuariocatolicoportugal.net\/dioceses\/ficha_paroquia_padre.asp?paroquiaid=2583&amp;dioceseid=3\">Alquerubim<\/a><\/td><td>Santa Marinha<\/td><\/tr><tr><td><a href=\"https:\/\/www.anuariocatolicoportugal.net\/dioceses\/ficha_paroquia_padre.asp?paroquiaid=2584&amp;dioceseid=3\">Angeja<\/a><\/td><td>Nossa Senhora das Neves<\/td><\/tr><tr><td><a href=\"https:\/\/www.anuariocatolicoportugal.net\/dioceses\/ficha_paroquia_padre.asp?paroquiaid=2585&amp;dioceseid=3\">Branca<\/a><\/td><td>S\u00e3o Vicente<\/td><\/tr><tr><td><a href=\"https:\/\/www.anuariocatolicoportugal.net\/dioceses\/ficha_paroquia_padre.asp?paroquiaid=2586&amp;dioceseid=3\">Frossos<\/a><\/td><td>S\u00e3o Paio<\/td><\/tr><tr><td><a href=\"https:\/\/www.anuariocatolicoportugal.net\/dioceses\/ficha_paroquia_padre.asp?paroquiaid=2587&amp;dioceseid=3\">Ribeira de Fr\u00e1guas<\/a><\/td><td>S\u00e3o Tiago<\/td><\/tr><tr><td><a href=\"https:\/\/www.anuariocatolicoportugal.net\/dioceses\/ficha_paroquia_padre.asp?paroquiaid=2588&amp;dioceseid=3\">S\u00e3o Jo\u00e3o de Loure<\/a><\/td><td>S\u00e3o Jo\u00e3o Baptista<\/td><\/tr><tr><td><a href=\"https:\/\/www.anuariocatolicoportugal.net\/dioceses\/ficha_paroquia_padre.asp?paroquiaid=2589&amp;dioceseid=3\">Vale Maior<\/a><\/td><td>Santa Eul\u00e1lia<\/td><\/tr><\/tbody><\/table><\/figure>\n","protected":false},"excerpt":{"rendered":"<p>ARCIPRESTADO DE ALBERGARIA-A-VELHA Albergaria-a-Velha Santa Cruz Alquerubim Santa Marinha Angeja Nossa Senhora das Neves Branca S\u00e3o Vicente Frossos S\u00e3o Paio Ribeira de Fr\u00e1guas S\u00e3o Tiago S\u00e3o Jo\u00e3o de Loure S\u00e3o Jo\u00e3o Baptista Vale Maior Santa Eul\u00e1lia<\/p>\n","protected":false},"author":1,"featured_media":0,"parent":1797,"menu_order":0,"comment_status":"closed","ping_status":"closed","template":"","meta":{"pagelayer_contact_templates":[],"_pagelayer_content":"","_mc_calendar":[],"footnotes":""},"class_list":["post-1812","page","type-page","status-publish","hentry"],"_links":{"self":[{"href":"http:\/\/diocese-aveiro.pt\/v3\/wp-json\/wp\/v2\/pages\/1812","targetHints":{"allow":["GET"]}}],"collection":[{"href":"http:\/\/diocese-aveiro.pt\/v3\/wp-json\/wp\/v2\/pages"}],"about":[{"href":"http:\/\/diocese-aveiro.pt\/v3\/wp-json\/wp\/v2\/types\/page"}],"author":[{"embeddable":true,"href":"http:\/\/diocese-aveiro.pt\/v3\/wp-json\/wp\/v2\/users\/1"}],"replies":[{"embeddable":true,"href":"http:\/\/diocese-aveiro.pt\/v3\/wp-json\/wp\/v2\/comments?post=1812"}],"version-history":[{"count":1,"href":"http:\/\/diocese-aveiro.pt\/v3\/wp-json\/wp\/v2\/pages\/1812\/revisions"}],"predecessor-version":[{"id":1813,"href":"http:\/\/diocese-aveiro.pt\/v3\/wp-json\/wp\/v2\/pages\/1812\/revisions\/1813"}],"up":[{"embeddable":true,"href":"http:\/\/diocese-aveiro.pt\/v3\/wp-json\/wp\/v2\/pages\/1797"}],"wp:attachment":[{"href":"http:\/\/diocese-aveiro.pt\/v3\/wp-json\/wp\/v2\/media?parent=1812"}],"curies":[{"name":"wp","href":"https:\/\/api.w.org\/{rel}","templated":true}]}}