{"id":1809,"date":"2024-02-21T16:22:17","date_gmt":"2024-02-21T16:22:17","guid":{"rendered":"https:\/\/diocese-aveiro.pt\/v3\/?page_id=1809"},"modified":"2024-02-21T16:22:17","modified_gmt":"2024-02-21T16:22:17","slug":"arciprestado-de-agueda","status":"publish","type":"page","link":"http:\/\/diocese-aveiro.pt\/v3\/paroquias\/arciprestado-de-agueda\/","title":{"rendered":"ARCIPRESTADO DE \u00c1GUEDA"},"content":{"rendered":"\n<p class=\"has-text-align-center has-white-color has-text-color has-background has-link-color wp-elements-7b35043a26f4205ce30d3f1b1d892be6\" style=\"background-color:#2e6c9e\"><strong>ARCIPRESTADO DE \u00c1GUEDA<\/strong><\/p>\n\n\n\n<figure class=\"wp-block-table\"><table><tbody><tr><td><a href=\"https:\/\/www.anuariocatolicoportugal.net\/dioceses\/ficha_paroquia_padre.asp?paroquiaid=2563&amp;dioceseid=3\">Agad\u00e3o<\/a><\/td><td>Santa Maria Madalena<\/td><\/tr><tr><td><a href=\"https:\/\/www.anuariocatolicoportugal.net\/dioceses\/ficha_paroquia_padre.asp?paroquiaid=2564&amp;dioceseid=3\">Aguada de Baixo<\/a><\/td><td>S\u00e3o Martinho<\/td><\/tr><tr><td><a href=\"https:\/\/www.anuariocatolicoportugal.net\/dioceses\/ficha_paroquia_padre.asp?paroquiaid=2565&amp;dioceseid=3\">Aguada de Cima<\/a><\/td><td>Santa Eul\u00e1lia<\/td><\/tr><tr><td><a href=\"https:\/\/www.anuariocatolicoportugal.net\/dioceses\/ficha_paroquia_padre.asp?paroquiaid=2566&amp;dioceseid=3\">\u00c1gueda<\/a><\/td><td>Santa Eul\u00e1lia<\/td><\/tr><tr><td><a href=\"https:\/\/www.anuariocatolicoportugal.net\/dioceses\/ficha_paroquia_padre.asp?paroquiaid=2567&amp;dioceseid=3\">Barr\u00f4<\/a><\/td><td>Santo Andr\u00e9<\/td><\/tr><tr><td><a href=\"https:\/\/www.anuariocatolicoportugal.net\/dioceses\/ficha_paroquia_padre.asp?paroquiaid=2568&amp;dioceseid=3\">Belazaima do Ch\u00e3o<\/a><\/td><td>S\u00e3o Pedro<\/td><\/tr><tr><td><a href=\"https:\/\/www.anuariocatolicoportugal.net\/dioceses\/ficha_paroquia_padre.asp?paroquiaid=2569&amp;dioceseid=3\">Borralha<\/a><\/td><td>Nossa Senhora de la Salette<\/td><\/tr><tr><td><a href=\"https:\/\/www.anuariocatolicoportugal.net\/dioceses\/ficha_paroquia_padre.asp?paroquiaid=2570&amp;dioceseid=3\">Castanheira do Vouga<\/a><\/td><td>S\u00e3o Mamede<\/td><\/tr><tr><td><a href=\"https:\/\/www.anuariocatolicoportugal.net\/dioceses\/ficha_paroquia_padre.asp?paroquiaid=2571&amp;dioceseid=3\">Espinhel<\/a><\/td><td>Nossa Senhora da Assun\u00e7\u00e3o<\/td><\/tr><tr><td><a href=\"https:\/\/www.anuariocatolicoportugal.net\/dioceses\/ficha_paroquia_padre.asp?paroquiaid=2572&amp;dioceseid=3\">Lamas do Vouga<\/a><\/td><td>Santa Maria<\/td><\/tr><tr><td><a href=\"https:\/\/www.anuariocatolicoportugal.net\/dioceses\/ficha_paroquia_padre.asp?paroquiaid=2573&amp;dioceseid=3\">Macieira de Alcoba<\/a><\/td><td>S\u00e3o Martinho<\/td><\/tr><tr><td><a href=\"https:\/\/www.anuariocatolicoportugal.net\/dioceses\/ficha_paroquia_padre.asp?paroquiaid=2574&amp;dioceseid=3\">Macinhata do Vouga<\/a><\/td><td>S\u00e3o Crist\u00f3v\u00e3o<\/td><\/tr><tr><td><a href=\"https:\/\/www.anuariocatolicoportugal.net\/dioceses\/ficha_paroquia_padre.asp?paroquiaid=2575&amp;dioceseid=3\">\u00d3is da Ribeira<\/a><\/td><td>Santo Adri\u00e3o<\/td><\/tr><tr><td><a href=\"https:\/\/www.anuariocatolicoportugal.net\/dioceses\/ficha_paroquia_padre.asp?paroquiaid=2576&amp;dioceseid=3\">Pr\u00e9stimo<\/a><\/td><td>S\u00e3o Tiago<\/td><\/tr><tr><td><a href=\"https:\/\/www.anuariocatolicoportugal.net\/dioceses\/ficha_paroquia_padre.asp?paroquiaid=2577&amp;dioceseid=3\">Recard\u00e3es<\/a><\/td><td>S\u00e3o Miguel<\/td><\/tr><tr><td><a href=\"https:\/\/www.anuariocatolicoportugal.net\/dioceses\/ficha_paroquia_padre.asp?paroquiaid=2578&amp;dioceseid=3\">Segad\u00e3es<\/a><\/td><td>S\u00e3o Pedro<\/td><\/tr><tr><td><a href=\"https:\/\/www.anuariocatolicoportugal.net\/dioceses\/ficha_paroquia_padre.asp?paroquiaid=2579&amp;dioceseid=3\">Travass\u00f4<\/a><\/td><td>S\u00e3o Miguel<\/td><\/tr><tr><td><a href=\"https:\/\/www.anuariocatolicoportugal.net\/dioceses\/ficha_paroquia_padre.asp?paroquiaid=2580&amp;dioceseid=3\">Trofa do Vouga<\/a><\/td><td>S\u00e3o Salvador<\/td><\/tr><tr><td><a href=\"https:\/\/www.anuariocatolicoportugal.net\/dioceses\/ficha_paroquia_padre.asp?paroquiaid=2581&amp;dioceseid=3\">Valongo do Vouga<\/a><\/td><td>S\u00e3o Pedro<\/td><\/tr><\/tbody><\/table><\/figure>\n","protected":false},"excerpt":{"rendered":"<p>ARCIPRESTADO DE \u00c1GUEDA Agad\u00e3o Santa Maria Madalena Aguada de Baixo S\u00e3o Martinho Aguada de Cima Santa Eul\u00e1lia \u00c1gueda Santa Eul\u00e1lia Barr\u00f4 Santo Andr\u00e9 Belazaima do Ch\u00e3o S\u00e3o Pedro Borralha Nossa Senhora de la Salette Castanheira do Vouga S\u00e3o Mamede Espinhel Nossa Senhora da Assun\u00e7\u00e3o Lamas do Vouga Santa Maria Macieira de Alcoba S\u00e3o Martinho Macinhata do Vouga S\u00e3o Crist\u00f3v\u00e3o \u00d3is [&hellip;]<\/p>\n","protected":false},"author":1,"featured_media":0,"parent":1797,"menu_order":0,"comment_status":"closed","ping_status":"closed","template":"","meta":{"pagelayer_contact_templates":[],"_pagelayer_content":"","_mc_calendar":[],"footnotes":""},"class_list":["post-1809","page","type-page","status-publish","hentry"],"_links":{"self":[{"href":"http:\/\/diocese-aveiro.pt\/v3\/wp-json\/wp\/v2\/pages\/1809","targetHints":{"allow":["GET"]}}],"collection":[{"href":"http:\/\/diocese-aveiro.pt\/v3\/wp-json\/wp\/v2\/pages"}],"about":[{"href":"http:\/\/diocese-aveiro.pt\/v3\/wp-json\/wp\/v2\/types\/page"}],"author":[{"embeddable":true,"href":"http:\/\/diocese-aveiro.pt\/v3\/wp-json\/wp\/v2\/users\/1"}],"replies":[{"embeddable":true,"href":"http:\/\/diocese-aveiro.pt\/v3\/wp-json\/wp\/v2\/comments?post=1809"}],"version-history":[{"count":1,"href":"http:\/\/diocese-aveiro.pt\/v3\/wp-json\/wp\/v2\/pages\/1809\/revisions"}],"predecessor-version":[{"id":1810,"href":"http:\/\/diocese-aveiro.pt\/v3\/wp-json\/wp\/v2\/pages\/1809\/revisions\/1810"}],"up":[{"embeddable":true,"href":"http:\/\/diocese-aveiro.pt\/v3\/wp-json\/wp\/v2\/pages\/1797"}],"wp:attachment":[{"href":"http:\/\/diocese-aveiro.pt\/v3\/wp-json\/wp\/v2\/media?parent=1809"}],"curies":[{"name":"wp","href":"https:\/\/api.w.org\/{rel}","templated":true}]}}