{"id":9,"date":"2015-09-29T11:03:01","date_gmt":"2015-09-29T11:03:01","guid":{"rendered":"http:\/\/diocese-aveiro.pt\/cspsevm\/?page_id=9"},"modified":"2022-04-22T15:13:25","modified_gmt":"2022-04-22T15:13:25","slug":"a-instituicao","status":"publish","type":"page","link":"http:\/\/diocese-aveiro.pt\/cspsevm\/index.php\/a-instituicao\/","title":{"rendered":"Quem Somos"},"content":{"rendered":"<h1><strong style=\"font-size: revert;\">Identifica\u00e7\u00e3o<\/strong><\/h1>\n<p>Centro Social e Paroquial Santa Eul\u00e1lia de Vale Maior<\/p>\n<p><strong>Sede:<\/strong><\/p>\n<p>Rua da F\u00e1brica, n\u00ba 2<\/p>\n<p>3850-826 Vale Maior<\/p>\n<p>Telefone: 234523938<\/p>\n<p>E-Mail: <a href=\"mailto:csp_eulalia_valemaior@iol.pt\">csp.eulalia.valemaior@gmail.com<\/a><\/p>\n<p>N\u00famero de Identifica\u00e7\u00e3o Fiscal: 506025543<\/p>\n<h2>Resenha Hist\u00f3rica<\/h2>\n<p>O Centro Social e Paroquial Sta. Eul\u00e1lia de Vale Maior \u00e9 uma Institui\u00e7\u00e3o Particular de Solidariedade Social implementada no \u00e2mbito da Igreja Cat\u00f3lica, criada por iniciativas das estruturas pastorais da Par\u00f3quia de Sta. Eul\u00e1lia de Vale Maior no ano de 2001.<\/p>\n<p>Os estatutos foram aprovados pelo Sr. Bispo de Aveiro a 7 de Novembro de 2001 e a erec\u00e7\u00e3o can\u00f3nica dada no mesmo dia e feita igualmente a comunica\u00e7\u00e3o ao Governo Civil de Aveiro Centro distrital de Seguran\u00e7a Social de Aveiro. Foi feito o registo definitivo dos estatutos com o n\u00ba de inscri\u00e7\u00e3o 18\/2002, a folhas 72 V\u00ba do livro n\u00ba 6 das Funda\u00e7\u00f5es de Solidariedade Social e considera-se o mesmo efectuado a 8 de Abril de 2002. O registo foi publicado na III s\u00e9rie do Di\u00e1rio da Republica de 9 de Julho de 2002.<\/p>\n<p>Em Dezembro de 2003, o Centro Social iniciou a sua actividade com as respostas sociais de Centro de Actividades de Tempos Livres e Servi\u00e7o de Apoio Domicili\u00e1rio.<\/p>\n<p>Em Outubro de 2004 abriu a resposta social de Centro de Conv\u00edvio.<\/p>\n<p>Em Dezembro de 2005 abriu a resposta social de Creche.<\/p>\n<p>Em Setembro de 2006 abriu a resposta social de Jardim de Inf\u00e2ncia.<\/p>\n<p>Desde 2008 que prestamos servi\u00e7o de fisioterapia \u00e0 comunidade.<\/p>\n<p><strong>Principais Servi\u00e7os <\/strong><\/p>\n<p>O Centro social e Paroquial Sta. Eul\u00e1lia presta os seguintes servi\u00e7os no \u00e2mbito da sua interven\u00e7\u00e3o atrav\u00e9s das seguintes respostas sociais: Creche; Jardim-de-inf\u00e2ncia; Centro de Actividades de Tempos Livres; Servi\u00e7o de Apoio Domicili\u00e1rio; Centro de Conv\u00edvio e servi\u00e7o de fisioterapia.<\/p>\n","protected":false},"excerpt":{"rendered":"<p>Identifica\u00e7\u00e3o Centro Social e Paroquial Santa Eul\u00e1lia de Vale Maior Sede: Rua da F\u00e1brica, n\u00ba 2 3850-826 Vale Maior Telefone: 234523938 E-Mail: csp.eulalia.valemaior@gmail.com N\u00famero de Identifica\u00e7\u00e3o Fiscal: 506025543 Resenha Hist\u00f3rica O Centro Social e Paroquial Sta. Eul\u00e1lia de Vale Maior &hellip; <a href=\"http:\/\/diocese-aveiro.pt\/cspsevm\/index.php\/a-instituicao\/\">Continue reading <span class=\"meta-nav\">&rarr;<\/span><\/a><\/p>\n","protected":false},"author":1,"featured_media":0,"parent":0,"menu_order":0,"comment_status":"closed","ping_status":"closed","template":"","meta":{"footnotes":""},"class_list":["post-9","page","type-page","status-publish","hentry"],"_links":{"self":[{"href":"http:\/\/diocese-aveiro.pt\/cspsevm\/index.php\/wp-json\/wp\/v2\/pages\/9","targetHints":{"allow":["GET"]}}],"collection":[{"href":"http:\/\/diocese-aveiro.pt\/cspsevm\/index.php\/wp-json\/wp\/v2\/pages"}],"about":[{"href":"http:\/\/diocese-aveiro.pt\/cspsevm\/index.php\/wp-json\/wp\/v2\/types\/page"}],"author":[{"embeddable":true,"href":"http:\/\/diocese-aveiro.pt\/cspsevm\/index.php\/wp-json\/wp\/v2\/users\/1"}],"replies":[{"embeddable":true,"href":"http:\/\/diocese-aveiro.pt\/cspsevm\/index.php\/wp-json\/wp\/v2\/comments?post=9"}],"version-history":[{"count":11,"href":"http:\/\/diocese-aveiro.pt\/cspsevm\/index.php\/wp-json\/wp\/v2\/pages\/9\/revisions"}],"predecessor-version":[{"id":509,"href":"http:\/\/diocese-aveiro.pt\/cspsevm\/index.php\/wp-json\/wp\/v2\/pages\/9\/revisions\/509"}],"wp:attachment":[{"href":"http:\/\/diocese-aveiro.pt\/cspsevm\/index.php\/wp-json\/wp\/v2\/media?parent=9"}],"curies":[{"name":"wp","href":"https:\/\/api.w.org\/{rel}","templated":true}]}}