{"id":45,"date":"2015-09-29T11:05:34","date_gmt":"2015-09-29T11:05:34","guid":{"rendered":"http:\/\/diocese-aveiro.pt\/cspsevm\/?page_id=45"},"modified":"2019-05-31T16:02:58","modified_gmt":"2019-05-31T16:02:58","slug":"prestacao-de-contas","status":"publish","type":"page","link":"http:\/\/diocese-aveiro.pt\/cspsevm\/index.php\/documentos\/prestacao-de-contas\/","title":{"rendered":"Presta\u00e7\u00e3o de Contas &#8211; 2014"},"content":{"rendered":"<p style=\"text-align: center;\"><strong><span style=\"color: #0000ff;\"><a style=\"color: #0000ff;\" href=\"http:\/\/diocese-aveiro.pt\/cspsevm\/wp-content\/uploads\/2015\/09\/Balanco2014.pdf\" target=\"_blank\" rel=\"noopener noreferrer\">Balan\u00e7o 2014<\/a><\/span><\/strong><\/p>\n<p style=\"text-align: center;\"><span style=\"text-decoration: underline; color: #0000ff;\"><strong><a style=\"color: #0000ff; text-decoration: underline;\" href=\"http:\/\/diocese-aveiro.pt\/cspsevm\/wp-content\/uploads\/2015\/09\/DemResNaturezas2014.pdf\" target=\"_blank\" rel=\"noopener noreferrer\">Demonstra\u00e7\u00e3o de Resultados 2014<\/a><\/strong><\/span><\/p>\n<p style=\"text-align: center;\"><a href=\"http:\/\/diocese-aveiro.pt\/cspsevm\/wp-content\/uploads\/2019\/05\/FluxoCaixa.2014.pdf\" target=\"_blank\" rel=\"noopener noreferrer\"><span style=\"color: #0000ff;\"><strong>Demonstra\u00e7\u00e3o dos Fluxos de Caixa 2014<\/strong><\/span><\/a><\/p>\n","protected":false},"excerpt":{"rendered":"<p>Balan\u00e7o 2014 Demonstra\u00e7\u00e3o de Resultados 2014 Demonstra\u00e7\u00e3o dos Fluxos de Caixa 2014<\/p>\n","protected":false},"author":1,"featured_media":0,"parent":13,"menu_order":0,"comment_status":"closed","ping_status":"closed","template":"","meta":{"footnotes":""},"class_list":["post-45","page","type-page","status-publish","hentry"],"_links":{"self":[{"href":"http:\/\/diocese-aveiro.pt\/cspsevm\/index.php\/wp-json\/wp\/v2\/pages\/45","targetHints":{"allow":["GET"]}}],"collection":[{"href":"http:\/\/diocese-aveiro.pt\/cspsevm\/index.php\/wp-json\/wp\/v2\/pages"}],"about":[{"href":"http:\/\/diocese-aveiro.pt\/cspsevm\/index.php\/wp-json\/wp\/v2\/types\/page"}],"author":[{"embeddable":true,"href":"http:\/\/diocese-aveiro.pt\/cspsevm\/index.php\/wp-json\/wp\/v2\/users\/1"}],"replies":[{"embeddable":true,"href":"http:\/\/diocese-aveiro.pt\/cspsevm\/index.php\/wp-json\/wp\/v2\/comments?post=45"}],"version-history":[{"count":22,"href":"http:\/\/diocese-aveiro.pt\/cspsevm\/index.php\/wp-json\/wp\/v2\/pages\/45\/revisions"}],"predecessor-version":[{"id":362,"href":"http:\/\/diocese-aveiro.pt\/cspsevm\/index.php\/wp-json\/wp\/v2\/pages\/45\/revisions\/362"}],"up":[{"embeddable":true,"href":"http:\/\/diocese-aveiro.pt\/cspsevm\/index.php\/wp-json\/wp\/v2\/pages\/13"}],"wp:attachment":[{"href":"http:\/\/diocese-aveiro.pt\/cspsevm\/index.php\/wp-json\/wp\/v2\/media?parent=45"}],"curies":[{"name":"wp","href":"https:\/\/api.w.org\/{rel}","templated":true}]}}