{"id":434,"date":"2021-05-28T14:52:08","date_gmt":"2021-05-28T14:52:08","guid":{"rendered":"http:\/\/diocese-aveiro.pt\/cspsevm\/?page_id=434"},"modified":"2021-05-28T15:19:45","modified_gmt":"2021-05-28T15:19:45","slug":"prestacao-de-contas-2020","status":"publish","type":"page","link":"http:\/\/diocese-aveiro.pt\/cspsevm\/index.php\/prestacao-de-contas-2020\/","title":{"rendered":"Presta\u00e7\u00e3o de Contas 2020"},"content":{"rendered":"\n<p class=\"has-text-align-center\"><strong><span style=\"color:#000aa3\" class=\"has-inline-color\"><a href=\"http:\/\/diocese-aveiro.pt\/cspsevm\/wp-content\/uploads\/2021\/05\/BalancoV1.2020.pdf\" target=\"_blank\" rel=\"noreferrer noopener\">Balan\u00e7o 2020<\/a><\/span><\/strong><\/p>\n\n\n\n<p class=\"has-text-align-center\"><strong><span style=\"color:#0300a3\" class=\"has-inline-color\"><a href=\"http:\/\/diocese-aveiro.pt\/cspsevm\/wp-content\/uploads\/2021\/05\/DemoFinanceirasResultadosNaturezasV1.pdf\" target=\"_blank\" rel=\"noreferrer noopener\">Demonstra\u00e7\u00e3o de Resultados 2020<\/a><\/span><\/strong><\/p>\n\n\n\n<p class=\"has-text-align-center\"><strong><span style=\"color:#2119d2\" class=\"has-inline-color\"><a href=\"http:\/\/diocese-aveiro.pt\/cspsevm\/wp-content\/uploads\/2021\/05\/DemoFinanceirasFluxoCaixaV1.pdf\" target=\"_blank\" rel=\"noreferrer noopener\">Demonstra\u00e7\u00e3o dos Fluxos de Caixa 2020<\/a><\/span><\/strong><\/p>\n","protected":false},"excerpt":{"rendered":"<p>Balan\u00e7o 2020 Demonstra\u00e7\u00e3o de Resultados 2020 Demonstra\u00e7\u00e3o dos Fluxos de Caixa 2020<\/p>\n","protected":false},"author":1,"featured_media":0,"parent":0,"menu_order":0,"comment_status":"closed","ping_status":"closed","template":"","meta":{"footnotes":""},"class_list":["post-434","page","type-page","status-publish","hentry"],"_links":{"self":[{"href":"http:\/\/diocese-aveiro.pt\/cspsevm\/index.php\/wp-json\/wp\/v2\/pages\/434","targetHints":{"allow":["GET"]}}],"collection":[{"href":"http:\/\/diocese-aveiro.pt\/cspsevm\/index.php\/wp-json\/wp\/v2\/pages"}],"about":[{"href":"http:\/\/diocese-aveiro.pt\/cspsevm\/index.php\/wp-json\/wp\/v2\/types\/page"}],"author":[{"embeddable":true,"href":"http:\/\/diocese-aveiro.pt\/cspsevm\/index.php\/wp-json\/wp\/v2\/users\/1"}],"replies":[{"embeddable":true,"href":"http:\/\/diocese-aveiro.pt\/cspsevm\/index.php\/wp-json\/wp\/v2\/comments?post=434"}],"version-history":[{"count":6,"href":"http:\/\/diocese-aveiro.pt\/cspsevm\/index.php\/wp-json\/wp\/v2\/pages\/434\/revisions"}],"predecessor-version":[{"id":460,"href":"http:\/\/diocese-aveiro.pt\/cspsevm\/index.php\/wp-json\/wp\/v2\/pages\/434\/revisions\/460"}],"wp:attachment":[{"href":"http:\/\/diocese-aveiro.pt\/cspsevm\/index.php\/wp-json\/wp\/v2\/media?parent=434"}],"curies":[{"name":"wp","href":"https:\/\/api.w.org\/{rel}","templated":true}]}}