{"id":41,"date":"2015-09-29T11:05:16","date_gmt":"2015-09-29T11:05:16","guid":{"rendered":"http:\/\/diocese-aveiro.pt\/cspsevm\/?page_id=41"},"modified":"2020-09-30T10:43:58","modified_gmt":"2020-09-30T10:43:58","slug":"regulamentos","status":"publish","type":"page","link":"http:\/\/diocese-aveiro.pt\/cspsevm\/index.php\/documentos\/regulamentos\/","title":{"rendered":"Regulamentos"},"content":{"rendered":"\n<p>Geral &#8211; Institui\u00e7\u00e3o<\/p>\n\n\n\n<p><a rel=\"noreferrer noopener\" href=\"http:\/\/diocese-aveiro.pt\/cspsevm\/wp-content\/uploads\/2020\/09\/CSPSE_75_00_Regulamento-interno-creche.pdf\" target=\"_blank\"><strong>Creche<\/strong><\/a><\/p>\n\n\n\n<p><a rel=\"noreferrer noopener\" href=\"http:\/\/diocese-aveiro.pt\/cspsevm\/wp-content\/uploads\/2020\/09\/Regulamento-interno-educacao-pre_escolar.pdf\" target=\"_blank\"><strong>Jardim de Inf\u00e2ncia<\/strong><\/a><\/p>\n\n\n\n<p><a rel=\"noreferrer noopener\" href=\"http:\/\/diocese-aveiro.pt\/cspsevm\/wp-content\/uploads\/2020\/09\/Regulamento-interno-CATL-Classico.pdf\" target=\"_blank\"><strong>CATL &#8211; Cl\u00e1ssico<\/strong><\/a><\/p>\n\n\n\n<p><strong><a rel=\"noreferrer noopener\" href=\"http:\/\/diocese-aveiro.pt\/cspsevm\/wp-content\/uploads\/2020\/09\/Regulamento-interno-CATL-Conciliacao-familiar.pdf\" target=\"_blank\">C<\/a><\/strong><a rel=\"noreferrer noopener\" style=\"font-weight: bold;\" href=\"http:\/\/diocese-aveiro.pt\/cspsevm\/wp-content\/uploads\/2020\/09\/Regulamento-interno-CATL-Conciliacao-familiar.pdf\" target=\"_blank\">ATL &#8211; Concilia\u00e7\u00e3o Familiar<\/a><\/p>\n\n\n\n<p>Centro de Conv\u00edvio<\/p>\n\n\n\n<p>Servi\u00e7o de Apoio Domicili\u00e1rio<\/p>\n","protected":false},"excerpt":{"rendered":"<p>Geral &#8211; Institui\u00e7\u00e3o Creche Jardim de Inf\u00e2ncia CATL &#8211; Cl\u00e1ssico CATL &#8211; Concilia\u00e7\u00e3o Familiar Centro de Conv\u00edvio Servi\u00e7o de Apoio Domicili\u00e1rio<\/p>\n","protected":false},"author":1,"featured_media":0,"parent":13,"menu_order":0,"comment_status":"closed","ping_status":"closed","template":"","meta":{"footnotes":""},"class_list":["post-41","page","type-page","status-publish","hentry"],"_links":{"self":[{"href":"http:\/\/diocese-aveiro.pt\/cspsevm\/index.php\/wp-json\/wp\/v2\/pages\/41","targetHints":{"allow":["GET"]}}],"collection":[{"href":"http:\/\/diocese-aveiro.pt\/cspsevm\/index.php\/wp-json\/wp\/v2\/pages"}],"about":[{"href":"http:\/\/diocese-aveiro.pt\/cspsevm\/index.php\/wp-json\/wp\/v2\/types\/page"}],"author":[{"embeddable":true,"href":"http:\/\/diocese-aveiro.pt\/cspsevm\/index.php\/wp-json\/wp\/v2\/users\/1"}],"replies":[{"embeddable":true,"href":"http:\/\/diocese-aveiro.pt\/cspsevm\/index.php\/wp-json\/wp\/v2\/comments?post=41"}],"version-history":[{"count":7,"href":"http:\/\/diocese-aveiro.pt\/cspsevm\/index.php\/wp-json\/wp\/v2\/pages\/41\/revisions"}],"predecessor-version":[{"id":432,"href":"http:\/\/diocese-aveiro.pt\/cspsevm\/index.php\/wp-json\/wp\/v2\/pages\/41\/revisions\/432"}],"up":[{"embeddable":true,"href":"http:\/\/diocese-aveiro.pt\/cspsevm\/index.php\/wp-json\/wp\/v2\/pages\/13"}],"wp:attachment":[{"href":"http:\/\/diocese-aveiro.pt\/cspsevm\/index.php\/wp-json\/wp\/v2\/media?parent=41"}],"curies":[{"name":"wp","href":"https:\/\/api.w.org\/{rel}","templated":true}]}}