{"id":268,"date":"2018-05-29T17:56:25","date_gmt":"2018-05-29T17:56:25","guid":{"rendered":"http:\/\/diocese-aveiro.pt\/cspsevm\/?page_id=268"},"modified":"2019-05-31T16:07:42","modified_gmt":"2019-05-31T16:07:42","slug":"2017-2","status":"publish","type":"page","link":"http:\/\/diocese-aveiro.pt\/cspsevm\/index.php\/2017-2\/","title":{"rendered":"Presta\u00e7\u00e3o de Contas &#8211; 2017"},"content":{"rendered":"<p style=\"text-align: center;\"><span style=\"color: #0000ff;\"><strong><a style=\"color: #0000ff;\" href=\"http:\/\/diocese-aveiro.pt\/cspsevm\/wp-content\/uploads\/2016\/03\/rptCnDemoFinanceirasBalanco-1.pdf\">Balan\u00e7o 2017<\/a><\/strong><\/span><\/p>\n<p style=\"text-align: center;\"><span style=\"color: #0000ff;\"><strong><a style=\"color: #0000ff;\" href=\"http:\/\/diocese-aveiro.pt\/cspsevm\/wp-content\/uploads\/2016\/03\/rptCnDemoFinanceirasResultadosNaturezas-1.pdf\">Demonstra\u00e7\u00e3o de Resultados 2017<\/a><\/strong><\/span><\/p>\n<p style=\"text-align: center;\"><span style=\"color: #0000ff;\"><strong><a style=\"color: #0000ff;\" href=\"http:\/\/diocese-aveiro.pt\/cspsevm\/wp-content\/uploads\/2019\/05\/FluxoCaixa.2017.pdf\" target=\"_blank\" rel=\"noopener noreferrer\">Demonstra\u00e7\u00e3o dos Fluxos de Caixa 2017<\/a><\/strong><\/span><\/p>\n","protected":false},"excerpt":{"rendered":"<p>Balan\u00e7o 2017 Demonstra\u00e7\u00e3o de Resultados 2017 Demonstra\u00e7\u00e3o dos Fluxos de Caixa 2017<\/p>\n","protected":false},"author":1,"featured_media":0,"parent":0,"menu_order":1,"comment_status":"closed","ping_status":"closed","template":"","meta":{"footnotes":""},"class_list":["post-268","page","type-page","status-publish","hentry"],"_links":{"self":[{"href":"http:\/\/diocese-aveiro.pt\/cspsevm\/index.php\/wp-json\/wp\/v2\/pages\/268","targetHints":{"allow":["GET"]}}],"collection":[{"href":"http:\/\/diocese-aveiro.pt\/cspsevm\/index.php\/wp-json\/wp\/v2\/pages"}],"about":[{"href":"http:\/\/diocese-aveiro.pt\/cspsevm\/index.php\/wp-json\/wp\/v2\/types\/page"}],"author":[{"embeddable":true,"href":"http:\/\/diocese-aveiro.pt\/cspsevm\/index.php\/wp-json\/wp\/v2\/users\/1"}],"replies":[{"embeddable":true,"href":"http:\/\/diocese-aveiro.pt\/cspsevm\/index.php\/wp-json\/wp\/v2\/comments?post=268"}],"version-history":[{"count":11,"href":"http:\/\/diocese-aveiro.pt\/cspsevm\/index.php\/wp-json\/wp\/v2\/pages\/268\/revisions"}],"predecessor-version":[{"id":365,"href":"http:\/\/diocese-aveiro.pt\/cspsevm\/index.php\/wp-json\/wp\/v2\/pages\/268\/revisions\/365"}],"wp:attachment":[{"href":"http:\/\/diocese-aveiro.pt\/cspsevm\/index.php\/wp-json\/wp\/v2\/media?parent=268"}],"curies":[{"name":"wp","href":"https:\/\/api.w.org\/{rel}","templated":true}]}}