{"id":232,"date":"2017-04-27T16:20:44","date_gmt":"2017-04-27T16:20:44","guid":{"rendered":"http:\/\/diocese-aveiro.pt\/cspsevm\/?page_id=232"},"modified":"2017-04-27T16:37:27","modified_gmt":"2017-04-27T16:37:27","slug":"prestacao-de-contas-2016","status":"publish","type":"page","link":"http:\/\/diocese-aveiro.pt\/cspsevm\/index.php\/prestacao-de-contas-2016\/","title":{"rendered":"Presta\u00e7\u00e3o de Contas 2016"},"content":{"rendered":"<p style=\"text-align: center;\"><span style=\"color: #0000ff;\"><strong><a style=\"color: #0000ff;\" href=\"http:\/\/diocese-aveiro.pt\/cspsevm\/wp-content\/uploads\/2016\/03\/rptCnDemoFinanceirasBalanco.pdf\" target=\"_blank\" rel=\"noopener noreferrer\">Balan\u00e7o 2016<\/a><\/strong><\/span><\/p>\n<p style=\"text-align: center;\"><span style=\"color: #0000ff;\"><strong><a style=\"color: #0000ff;\" href=\"http:\/\/diocese-aveiro.pt\/cspsevm\/wp-content\/uploads\/2016\/03\/rptCnDemoFinanceirasResultadosNaturezas.pdf\" target=\"_blank\" rel=\"noopener noreferrer\">Demonstra\u00e7\u00e3o de Resultados 2016<\/a><\/strong><\/span><\/p>\n","protected":false},"excerpt":{"rendered":"<p>Balan\u00e7o 2016 Demonstra\u00e7\u00e3o de Resultados 2016<\/p>\n","protected":false},"author":1,"featured_media":0,"parent":0,"menu_order":0,"comment_status":"closed","ping_status":"closed","template":"","meta":{"footnotes":""},"class_list":["post-232","page","type-page","status-publish","hentry"],"_links":{"self":[{"href":"http:\/\/diocese-aveiro.pt\/cspsevm\/index.php\/wp-json\/wp\/v2\/pages\/232","targetHints":{"allow":["GET"]}}],"collection":[{"href":"http:\/\/diocese-aveiro.pt\/cspsevm\/index.php\/wp-json\/wp\/v2\/pages"}],"about":[{"href":"http:\/\/diocese-aveiro.pt\/cspsevm\/index.php\/wp-json\/wp\/v2\/types\/page"}],"author":[{"embeddable":true,"href":"http:\/\/diocese-aveiro.pt\/cspsevm\/index.php\/wp-json\/wp\/v2\/users\/1"}],"replies":[{"embeddable":true,"href":"http:\/\/diocese-aveiro.pt\/cspsevm\/index.php\/wp-json\/wp\/v2\/comments?post=232"}],"version-history":[{"count":4,"href":"http:\/\/diocese-aveiro.pt\/cspsevm\/index.php\/wp-json\/wp\/v2\/pages\/232\/revisions"}],"predecessor-version":[{"id":246,"href":"http:\/\/diocese-aveiro.pt\/cspsevm\/index.php\/wp-json\/wp\/v2\/pages\/232\/revisions\/246"}],"wp:attachment":[{"href":"http:\/\/diocese-aveiro.pt\/cspsevm\/index.php\/wp-json\/wp\/v2\/media?parent=232"}],"curies":[{"name":"wp","href":"https:\/\/api.w.org\/{rel}","templated":true}]}}