{"id":23,"date":"2015-09-29T11:03:52","date_gmt":"2015-09-29T11:03:52","guid":{"rendered":"http:\/\/diocese-aveiro.pt\/cspsevm\/?page_id=23"},"modified":"2019-09-23T09:52:32","modified_gmt":"2019-09-23T09:52:32","slug":"corpos-gerentes","status":"publish","type":"page","link":"http:\/\/diocese-aveiro.pt\/cspsevm\/index.php\/a-instituicao\/corpos-gerentes\/","title":{"rendered":"\u00d3rg\u00e3os Gerentes"},"content":{"rendered":"<p><img loading=\"lazy\" decoding=\"async\" class=\"wp-image-152 alignnone\" src=\"http:\/\/diocese-aveiro.pt\/cspsevm\/wp-content\/uploads\/2015\/09\/reunio1.jpg\" alt=\"reunio1\" width=\"169\" height=\"152\" \/><\/p>\n<p><span style=\"color: #000000;\"><em><strong>Direc\u00e7\u00e3o:<\/strong><\/em><\/span><\/p>\n<p style=\"padding-left: 30px;\"><strong>Carlos Manuel da Silva Nunes<\/strong> <em>(Presidente)<\/em><\/p>\n<p style=\"padding-left: 30px;\"><strong>Padre Jos\u00e9 Carlos da Silva Lopes<\/strong> <em>(Vice-Presidente)<\/em><\/p>\n<p style=\"padding-left: 30px;\"><strong>Maria de Lurdes dos Santos Martins Bastos<\/strong>\u00a0<em>(1\u00aa Secret\u00e1ria)<\/em><\/p>\n<p style=\"padding-left: 30px;\"><strong>M\u00f3nica Marques Pereira<\/strong> <em>(2\u00aa Secret\u00e1ria)<\/em><\/p>\n<p style=\"padding-left: 30px;\"><strong>Jo\u00e3o Bastos Martins<\/strong> <em>(Tesoureiro)<\/em><\/p>\n<p style=\"padding-left: 30px;\"><strong>Manuel Carlos Alves dos Santos<\/strong> <em>(Vogal)<\/em><\/p>\n<p style=\"padding-left: 30px;\"><strong>Jos\u00e9 Ant\u00f3nio da Costa Marreiros<\/strong> <em>(Vogal)<\/em><\/p>\n<p><span style=\"color: #000000;\"><em><strong>Conselho Fiscal:<\/strong><\/em><\/span><\/p>\n<p style=\"padding-left: 30px;\"><strong>Joaquim Alberto Marques Pereira<\/strong> <em>(Presidente)<\/em><\/p>\n<p style=\"padding-left: 30px;\"><strong>Ana Maria Fernandes Carvalho<\/strong> <em>(Vogal)<\/em><\/p>\n<p style=\"padding-left: 30px;\"><strong>Lu\u00eds Miguel Freitas Ribeiro<\/strong> <em>(Vogal)<\/em><\/p>\n\n\n<p><\/p>\n","protected":false},"excerpt":{"rendered":"<p>Direc\u00e7\u00e3o: Carlos Manuel da Silva Nunes (Presidente) Padre Jos\u00e9 Carlos da Silva Lopes (Vice-Presidente) Maria de Lurdes dos Santos Martins Bastos\u00a0(1\u00aa Secret\u00e1ria) M\u00f3nica Marques Pereira (2\u00aa Secret\u00e1ria) Jo\u00e3o Bastos Martins (Tesoureiro) Manuel Carlos Alves dos Santos (Vogal) Jos\u00e9 Ant\u00f3nio da &hellip; <a href=\"http:\/\/diocese-aveiro.pt\/cspsevm\/index.php\/a-instituicao\/corpos-gerentes\/\">Continue reading <span class=\"meta-nav\">&rarr;<\/span><\/a><\/p>\n","protected":false},"author":1,"featured_media":0,"parent":9,"menu_order":0,"comment_status":"closed","ping_status":"closed","template":"","meta":{"footnotes":""},"class_list":["post-23","page","type-page","status-publish","hentry"],"_links":{"self":[{"href":"http:\/\/diocese-aveiro.pt\/cspsevm\/index.php\/wp-json\/wp\/v2\/pages\/23","targetHints":{"allow":["GET"]}}],"collection":[{"href":"http:\/\/diocese-aveiro.pt\/cspsevm\/index.php\/wp-json\/wp\/v2\/pages"}],"about":[{"href":"http:\/\/diocese-aveiro.pt\/cspsevm\/index.php\/wp-json\/wp\/v2\/types\/page"}],"author":[{"embeddable":true,"href":"http:\/\/diocese-aveiro.pt\/cspsevm\/index.php\/wp-json\/wp\/v2\/users\/1"}],"replies":[{"embeddable":true,"href":"http:\/\/diocese-aveiro.pt\/cspsevm\/index.php\/wp-json\/wp\/v2\/comments?post=23"}],"version-history":[{"count":20,"href":"http:\/\/diocese-aveiro.pt\/cspsevm\/index.php\/wp-json\/wp\/v2\/pages\/23\/revisions"}],"predecessor-version":[{"id":369,"href":"http:\/\/diocese-aveiro.pt\/cspsevm\/index.php\/wp-json\/wp\/v2\/pages\/23\/revisions\/369"}],"up":[{"embeddable":true,"href":"http:\/\/diocese-aveiro.pt\/cspsevm\/index.php\/wp-json\/wp\/v2\/pages\/9"}],"wp:attachment":[{"href":"http:\/\/diocese-aveiro.pt\/cspsevm\/index.php\/wp-json\/wp\/v2\/media?parent=23"}],"curies":[{"name":"wp","href":"https:\/\/api.w.org\/{rel}","templated":true}]}}