{"id":21,"date":"2015-09-29T11:03:43","date_gmt":"2015-09-29T11:03:43","guid":{"rendered":"http:\/\/diocese-aveiro.pt\/cspsevm\/?page_id=21"},"modified":"2022-04-22T15:06:00","modified_gmt":"2022-04-22T15:06:00","slug":"missao-e-visao","status":"publish","type":"page","link":"http:\/\/diocese-aveiro.pt\/cspsevm\/index.php\/a-instituicao\/missao-e-visao\/","title":{"rendered":"Miss\u00e3o \/ Vis\u00e3o \/ Valores"},"content":{"rendered":"<p><strong>Miss\u00e3o<\/strong><\/p>\n<p>Prestar um servi\u00e7o de qualidade, adequado a cada cliente, respondendo \u00e0s suas necessidades e superando as suas expectativas.<\/p>\n<p><strong>Vis\u00e3o<\/strong><\/p>\n<p>Ser reconhecido como o parceiro preferencial pela compet\u00eancia e excel\u00eancia da qualidade dos seus servi\u00e7os, proporcionando uma mais valia a todas as partes interessadas potenciando o crescimento sustent\u00e1vel da Institui\u00e7\u00e3o.<\/p>\n<p><strong>Valores<\/strong><\/p>\n<p>A ac\u00e7\u00e3o do Centro Social e Paroquial Santa Eul\u00e1lia de Valmaior assenta na promo\u00e7\u00e3o do bem estar bio, psico e social de todos os clientes. Na presta\u00e7\u00e3o de servi\u00e7os valorizamos um clima de afecto, onde consideramos os afectos como o nosso melhor instrumento de trabalho. Assim, cuidaremos cada um dos clientes com o respeito e dignidade que merecem. Privilegiaremos rela\u00e7\u00f5es personalizadas, baseadas no conhecimento profundo das necessidades de cada cliente\/fam\u00edlia.<\/p>\n<p>No desempenho das suas fun\u00e7\u00f5es a Institui\u00e7\u00e3o tem como valores fundamentais: honestidade; transpar\u00eancia; alegria; confidencialidade; respeito; imparcialidade; efici\u00eancia; solidariedade; boas Pr\u00e1ticas; lealdade.<\/p>\n","protected":false},"excerpt":{"rendered":"<p>Miss\u00e3o Prestar um servi\u00e7o de qualidade, adequado a cada cliente, respondendo \u00e0s suas necessidades e superando as suas expectativas. Vis\u00e3o Ser reconhecido como o parceiro preferencial pela compet\u00eancia e excel\u00eancia da qualidade dos seus servi\u00e7os, proporcionando uma mais valia a &hellip; <a href=\"http:\/\/diocese-aveiro.pt\/cspsevm\/index.php\/a-instituicao\/missao-e-visao\/\">Continue reading <span class=\"meta-nav\">&rarr;<\/span><\/a><\/p>\n","protected":false},"author":1,"featured_media":0,"parent":9,"menu_order":0,"comment_status":"closed","ping_status":"closed","template":"","meta":{"footnotes":""},"class_list":["post-21","page","type-page","status-publish","hentry"],"_links":{"self":[{"href":"http:\/\/diocese-aveiro.pt\/cspsevm\/index.php\/wp-json\/wp\/v2\/pages\/21","targetHints":{"allow":["GET"]}}],"collection":[{"href":"http:\/\/diocese-aveiro.pt\/cspsevm\/index.php\/wp-json\/wp\/v2\/pages"}],"about":[{"href":"http:\/\/diocese-aveiro.pt\/cspsevm\/index.php\/wp-json\/wp\/v2\/types\/page"}],"author":[{"embeddable":true,"href":"http:\/\/diocese-aveiro.pt\/cspsevm\/index.php\/wp-json\/wp\/v2\/users\/1"}],"replies":[{"embeddable":true,"href":"http:\/\/diocese-aveiro.pt\/cspsevm\/index.php\/wp-json\/wp\/v2\/comments?post=21"}],"version-history":[{"count":5,"href":"http:\/\/diocese-aveiro.pt\/cspsevm\/index.php\/wp-json\/wp\/v2\/pages\/21\/revisions"}],"predecessor-version":[{"id":503,"href":"http:\/\/diocese-aveiro.pt\/cspsevm\/index.php\/wp-json\/wp\/v2\/pages\/21\/revisions\/503"}],"up":[{"embeddable":true,"href":"http:\/\/diocese-aveiro.pt\/cspsevm\/index.php\/wp-json\/wp\/v2\/pages\/9"}],"wp:attachment":[{"href":"http:\/\/diocese-aveiro.pt\/cspsevm\/index.php\/wp-json\/wp\/v2\/media?parent=21"}],"curies":[{"name":"wp","href":"https:\/\/api.w.org\/{rel}","templated":true}]}}